{"id":1182,"date":"2017-11-17T22:27:30","date_gmt":"2017-11-17T22:27:30","guid":{"rendered":"http:\/\/active-field.mmdunlimited.com\/active-field\/?page_id=1182"},"modified":"2018-02-15T19:19:48","modified_gmt":"2018-02-15T19:19:48","slug":"servicos","status":"publish","type":"page","link":"https:\/\/active-field.mmdunlimited.com\/active-field\/servicos\/","title":{"rendered":"Servi\u00e7os"},"content":{"rendered":"<p>[vc_row type=&#8221;vc_default&#8221; gap=&#8221;35&#8243; equal_height=&#8221;yes&#8221; content_placement=&#8221;middle&#8221; css=&#8221;.vc_custom_1506627223147{margin-top: -80px !important;padding-top: 70px !important;padding-right: 25px !important;padding-left: 25px !important;}&#8221;][vc_column width=&#8221;2\/3&#8243; offset=&#8221;vc_col-lg-offset-2 vc_col-md-offset-2 vc_col-sm-offset-2&#8243;]<div id=\"ultimate-heading-989069e72ff08c36c\" class=\"uvc-heading ult-adjust-bottom-margin ultimate-heading-989069e72ff08c36c uvc-2313 \" data-hspacer=\"line_only\"  data-halign=\"center\" style=\"text-align:center\"><div class=\"uvc-main-heading ult-responsive\"  data-ultimate-target='.uvc-heading.ultimate-heading-989069e72ff08c36c h2'  data-responsive-json-new='{\"font-size\":\"desktop:30px;\",\"line-height\":\"desktop:40px;\"}' ><h2 style=\"font-weight:600;margin-bottom:15px;\">SERVI\u00c7OS<\/h2><\/div><div class=\"uvc-heading-spacer line_only\" style=\"margin-bottom:40px;height:3px;\"><span class=\"uvc-headings-line\" style=\"border-style:solid;border-bottom-width:3px;border-color:#4867c2;width:100px;\"><\/span><\/div><\/div>[\/vc_column][\/vc_row][vc_row type=&#8221;vc_default&#8221; full_width=&#8221;stretch_row_content_no_spaces&#8221; content_placement=&#8221;middle&#8221; bg_type=&#8221;image&#8221; parallax_style=&#8221;vcpb-default&#8221; bg_image_new=&#8221;id^1382|url^http:\/\/active-field.mmdunlimited.com\/active-field\/wp-content\/uploads\/2018\/02\/Certificac\u0327a\u0303o_new.jpg|caption^null|alt^Certificac\u0327a\u0303o|title^Certificac\u0327a\u0303o|description^null&#8221; bg_image_repeat=&#8221;no-repeat&#8221; bg_override=&#8221;ex-full&#8221; css=&#8221;.vc_custom_1518464971177{padding-top: 0px !important;padding-bottom: 0px !important;}&#8221; el_id=&#8221;certifica-row&#8221;][vc_column][\/vc_column][\/vc_row][vc_row type=&#8221;vc_default&#8221; gap=&#8221;35&#8243; equal_height=&#8221;yes&#8221; content_placement=&#8221;middle&#8221; css=&#8221;.vc_custom_1506627223147{margin-top: -80px !important;padding-top: 70px !important;padding-right: 25px !important;padding-left: 25px !important;}&#8221;][vc_column width=&#8221;2\/3&#8243; offset=&#8221;vc_col-lg-offset-2 vc_col-md-offset-2 vc_col-sm-offset-2&#8243;]<div id=\"ultimate-heading-867369e72ff08c3bf\" class=\"uvc-heading ult-adjust-bottom-margin ultimate-heading-867369e72ff08c3bf uvc-9537 \" data-hspacer=\"line_only\"  data-halign=\"center\" style=\"text-align:center\"><div class=\"uvc-main-heading ult-responsive\"  data-ultimate-target='.uvc-heading.ultimate-heading-867369e72ff08c3bf h2'  data-responsive-json-new='{\"font-size\":\"desktop:30px;\",\"line-height\":\"desktop:40px;\"}' ><h2 style=\"font-weight:600;margin-bottom:15px;\">Certifica\u00e7\u00e3o Energ\u00e9tica<\/h2><\/div><div class=\"uvc-heading-spacer line_only\" style=\"margin-bottom:40px;height:3px;\"><span class=\"uvc-headings-line\" style=\"border-style:solid;border-bottom-width:3px;border-color:#4867c2;width:100px;\"><\/span><\/div><\/div>[\/vc_column][\/vc_row][vc_row type=&#8221;vc_default&#8221; css=&#8221;.vc_custom_1511394894932{margin-bottom: 80px !important;}&#8221; el_id=&#8221;form&#8221;][vc_column width=&#8221;1\/6&#8243;][\/vc_column][vc_column width=&#8221;4\/6&#8243;][vc_column_text]A Active Field presta servi\u00e7os de certifica\u00e7\u00e3o energ\u00e9tica de im\u00f3veis novos e usados. A apresenta\u00e7\u00e3o do certificado energ\u00e9tico para efeitos de venda ou arrendamento \u00e9 obrigat\u00f3ria desde 2009.<br \/>\nEfetuamos a certifica\u00e7\u00e3o de apartamentos, moradias, espa\u00e7os destinados a com\u00e9rcio, servi\u00e7os e armaz\u00e9ns.<br \/>\nDe acordo com a legisla\u00e7\u00e3o em vigor, com pre\u00e7os justos e numa ampla \u00e1rea geogr\u00e1fica.[\/vc_column_text][vc_column_text]<strong>Aproveite para fazer a Certifica\u00e7\u00e3o Energ\u00e9tica do seu im\u00f3vel, temos condi\u00e7\u00f5es especiais para si.<\/strong>[\/vc_column_text]<div role=\"form\" class=\"wpcf7\" id=\"wpcf7-f6-o1\" lang=\"pt-PT\" dir=\"ltr\">\n<div class=\"screen-reader-response\"><\/div>\n<form action=\"\/active-field\/wp-json\/wp\/v2\/pages\/1182#wpcf7-f6-o1\" method=\"post\" class=\"wpcf7-form\" novalidate=\"novalidate\">\n<div style=\"display: none;\">\n<input type=\"hidden\" name=\"_wpcf7\" value=\"6\" \/>\n<input type=\"hidden\" name=\"_wpcf7_version\" value=\"5.0.2\" \/>\n<input type=\"hidden\" name=\"_wpcf7_locale\" value=\"pt_PT\" \/>\n<input type=\"hidden\" name=\"_wpcf7_unit_tag\" value=\"wpcf7-f6-o1\" \/>\n<input type=\"hidden\" name=\"_wpcf7_container_post\" value=\"0\" \/>\n<\/div>\n<p><label>Nome<br \/>\n<span class=\"wpcf7-form-control-wrap your-name\"><input type=\"text\" name=\"your-name\" value=\"\" size=\"40\" class=\"wpcf7-form-control wpcf7-text wpcf7-validates-as-required\" aria-required=\"true\" aria-invalid=\"false\" placeholder=\"Escreva aqui o seu Nome\" \/><\/span> <\/label><\/p>\n<p><label>Telefone<br \/>\n<span class=\"wpcf7-form-control-wrap your-tel\"><input type=\"tel\" name=\"your-tel\" value=\"\" size=\"40\" class=\"wpcf7-form-control wpcf7-text wpcf7-tel wpcf7-validates-as-required wpcf7-validates-as-tel\" aria-required=\"true\" aria-invalid=\"false\" placeholder=\"Escreva aqui o seu Telefone\" \/><\/span> <\/label><\/p>\n<p><input type=\"submit\" value=\"Quero ser contactado\" class=\"wpcf7-form-control wpcf7-submit\" id=\"btn-contacto\" \/><\/p>\n<p>Desejo ser contactado nas pr\u00f3ximas 24h.<\/p>\n<div class=\"wpcf7-response-output wpcf7-display-none\"><\/div><\/form><\/div><a href=\"tel:+351912481322\" class=\"default-btn-shortcode dt-btn dt-btn-l btn-inline-left  vc_custom_1510964279656\" id=\"default-btn-1\"><span>Ligar j\u00e1 (+351) 912 481 322<\/span><\/a>[\/vc_column][vc_column width=&#8221;1\/6&#8243;][\/vc_column][\/vc_row][vc_row type=&#8221;vc_default&#8221; full_width=&#8221;stretch_row_content_no_spaces&#8221; content_placement=&#8221;middle&#8221; bg_type=&#8221;image&#8221; parallax_style=&#8221;vcpb-default&#8221; bg_image_new=&#8221;id^1383|url^http:\/\/active-field.mmdunlimited.com\/active-field\/wp-content\/uploads\/2018\/02\/avaliac\u0327a\u0303o_new.jpg|caption^null|alt^avaliac\u0327a\u0303o|title^avaliac\u0327a\u0303o|description^null&#8221; bg_image_repeat=&#8221;no-repeat&#8221; bg_override=&#8221;ex-full&#8221; css=&#8221;.vc_custom_1518465008731{padding-top: 0px !important;padding-bottom: 0px !important;}&#8221; el_id=&#8221;avalia-row&#8221;][vc_column][\/vc_column][\/vc_row][vc_row type=&#8221;vc_default&#8221; gap=&#8221;35&#8243; equal_height=&#8221;yes&#8221; content_placement=&#8221;middle&#8221; css=&#8221;.vc_custom_1506627223147{margin-top: -80px !important;padding-top: 70px !important;padding-right: 25px !important;padding-left: 25px !important;}&#8221;][vc_column width=&#8221;2\/3&#8243; offset=&#8221;vc_col-lg-offset-2 vc_col-md-offset-2 vc_col-sm-offset-2&#8243;]<div id=\"ultimate-heading-169e72ff08df02\" class=\"uvc-heading ult-adjust-bottom-margin ultimate-heading-169e72ff08df02 uvc-5973 \" data-hspacer=\"line_only\"  data-halign=\"center\" style=\"text-align:center\"><div class=\"uvc-main-heading ult-responsive\"  data-ultimate-target='.uvc-heading.ultimate-heading-169e72ff08df02 h2'  data-responsive-json-new='{\"font-size\":\"desktop:30px;\",\"line-height\":\"desktop:40px;\"}' ><h2 style=\"font-weight:600;margin-bottom:15px;\">Avalia\u00e7\u00e3o Imobili\u00e1ria<\/h2><\/div><div class=\"uvc-heading-spacer line_only\" style=\"margin-bottom:40px;height:3px;\"><span class=\"uvc-headings-line\" style=\"border-style:solid;border-bottom-width:3px;border-color:#4867c2;width:100px;\"><\/span><\/div><\/div>[\/vc_column][\/vc_row][vc_row type=&#8221;vc_default&#8221; css=&#8221;.vc_custom_1511394894932{margin-bottom: 80px !important;}&#8221;][vc_column width=&#8221;1\/6&#8243;][\/vc_column][vc_column width=&#8221;4\/6&#8243;][vc_column_text]Atualmente\u00a0\u00e9 necess\u00e1ria\u00a0uma\u00a0consciencializa\u00e7\u00e3o\u00a0transversal\u00a0ao\u00a0n\u00edvel particular e empresarial relativamente \u00e0s iniciativas\u00a0de\u00a0investimento, num\u00a0mercado\u00a0altamente\u00a0vol\u00e1til e em constante muta\u00e7\u00e3o.<\/p>\n<p>A\u00a0Active Field\u00a0presta\u00a0servi\u00e7os de Avalia\u00e7\u00e3o e Consultoria\u00a0Imobili\u00e1ria, tanto na vertente particular como institucional. Os relat\u00f3rios s\u00e3o efectuados de\u00a0acordo com as normas do Banco de Portugal e reconhecimento da CMVM\u00b9. Os nossos t\u00e9cnicos s\u00e3o acreditados e possuem forma\u00e7\u00e3o espec\u00edfica na \u00e1rea da Avalia\u00e7\u00e3o Imobili\u00e1ria, assim como uma ampla\u00a0experi\u00eancia de\u00a0avalia\u00e7\u00e3o de\u00a0todo o tipo de im\u00f3veis.<\/p>\n<p><strong>Efectuamos avalia\u00e7\u00f5es de:<\/strong><\/p>\n<ul>\n<li>Avalia\u00e7\u00e3o de im\u00f3veis para particulares e empresas<\/li>\n<li>Simula\u00e7\u00e3o do valor patrimonial<\/li>\n<li>Partilhas ou situa\u00e7\u00f5es de lit\u00edgio judicial<\/li>\n<li>Avalia\u00e7\u00f5es para efeitos de seguro<\/li>\n<li>Valores para compra\/venda ou arrendamento<\/li>\n<li>Avalia\u00e7\u00f5es para efeitos de SNC\u00b2<\/li>\n<\/ul>\n<p>\u00b9 (Comiss\u00e3o de Mercado de Valores Mobili\u00e1rios)<br \/>\n\u00b2 (Sistema de Normaliza\u00e7\u00e3o Contabil\u00edstica)[\/vc_column_text][vc_column_text]<strong>Aproveite para fazer a Avalia\u00e7\u00e3o do seu Im\u00f3vel, temos condi\u00e7\u00f5es especiais para si.<\/strong>[\/vc_column_text]<div role=\"form\" class=\"wpcf7\" id=\"wpcf7-f1262-o2\" lang=\"pt-PT\" dir=\"ltr\">\n<div class=\"screen-reader-response\"><\/div>\n<form action=\"\/active-field\/wp-json\/wp\/v2\/pages\/1182#wpcf7-f1262-o2\" method=\"post\" class=\"wpcf7-form\" novalidate=\"novalidate\">\n<div style=\"display: none;\">\n<input type=\"hidden\" name=\"_wpcf7\" value=\"1262\" \/>\n<input type=\"hidden\" name=\"_wpcf7_version\" value=\"5.0.2\" \/>\n<input type=\"hidden\" name=\"_wpcf7_locale\" value=\"pt_PT\" \/>\n<input type=\"hidden\" name=\"_wpcf7_unit_tag\" value=\"wpcf7-f1262-o2\" \/>\n<input type=\"hidden\" name=\"_wpcf7_container_post\" value=\"0\" \/>\n<\/div>\n<p><label>Nome<br \/>\n    <span class=\"wpcf7-form-control-wrap your-name\"><input type=\"text\" name=\"your-name\" value=\"\" size=\"40\" class=\"wpcf7-form-control wpcf7-text wpcf7-validates-as-required\" aria-required=\"true\" aria-invalid=\"false\" placeholder=\"Escreva aqui o seu Nome\" \/><\/span> <\/label><\/p>\n<p><label>Telefone<br \/>\n    <span class=\"wpcf7-form-control-wrap your-tel\"><input type=\"tel\" name=\"your-tel\" value=\"\" size=\"40\" class=\"wpcf7-form-control wpcf7-text wpcf7-tel wpcf7-validates-as-required wpcf7-validates-as-tel\" aria-required=\"true\" aria-invalid=\"false\" placeholder=\"Escreva aqui o seu Telefone\" \/><\/span> <\/label><\/p>\n<p><input type=\"submit\" value=\"Quero ser contactado\" class=\"wpcf7-form-control wpcf7-submit\" \/><\/p>\n<p>Desejo ser contactado nas pr\u00f3ximas 24h.<\/p>\n<div class=\"wpcf7-response-output wpcf7-display-none\"><\/div><\/form><\/div><a href=\"tel:+351912481322\" class=\"default-btn-shortcode dt-btn dt-btn-l btn-inline-left  vc_custom_1510964279656\" id=\"default-btn-2\"><span>Ligar j\u00e1 (+351) 912 481 322<\/span><\/a>[\/vc_column][vc_column width=&#8221;1\/6&#8243;][\/vc_column][\/vc_row][vc_row type=&#8221;vc_default&#8221; bg_type=&#8221;bg_color&#8221; bg_override=&#8221;ex-full&#8221; bg_color_value=&#8221;#232323&#8243; css=&#8221;.vc_custom_1506539596919{margin-bottom: -80px !important;padding-top: 65px !important;padding-bottom: 0px !important;}&#8221;][vc_column width=&#8221;1\/2&#8243; offset=&#8221;vc_col-lg-6 vc_col-md-6&#8243; el_class=&#8221;testemunhos&#8221;]<div id=\"ultimate-heading-880369e72ff09a7cc\" class=\"uvc-heading ult-adjust-bottom-margin ultimate-heading-880369e72ff09a7cc uvc-3840 \" data-hspacer=\"no_spacer\"  data-halign=\"left\" style=\"text-align:left\"><div class=\"uvc-heading-spacer no_spacer\" style=\"top\"><\/div><div class=\"uvc-main-heading ult-responsive\"  data-ultimate-target='.uvc-heading.ultimate-heading-880369e72ff09a7cc h3'  data-responsive-json-new='{\"font-size\":\"\",\"line-height\":\"\"}' ><h3 style=\"font-weight:bold;color:#ffffff;margin-bottom:20px;\">Testemunhos<\/h3><\/div><\/div><div id=\"ult-carousel-191378657069e72ff09ab82\" class=\"ult-carousel-wrapper   ult_horizontal\" data-gutter=\"15\" data-rtl=\"false\" ><div class=\"ult-carousel-202843478469e72ff09a849 \" ><div class=\"ult-item-wrap\" data-animation=\"animated no-animation\"><div class=\"ult-content-box-container \" >\t\t<div class=\"ult-content-box\" style=\"box-shadow: px px px px #f7f7f7 none;padding-top:0px;padding-right:20px;padding-bottom:10px;padding-left:20px;-webkit-transition: all 700ms ease;-moz-transition: all 700ms ease;-ms-transition: all 700ms ease;-o-transition: all 700ms ease;transition: all 700ms ease;\"  data-hover_box_shadow=\"none\"    >[vc_column_text css=&#8221;.vc_custom_1471371022123{padding-bottom: 15px !important;}&#8221;]<em><span style=\"color: #999999;\">&#8220;Proin rutrum rhoncus arcu, quis facilisis libero rutrum in. Vivamus diam tellus, efficitur id felis quis, consequat venenatis erat. Etiam tincidunt, tellus eu molestie mollis, diam lorem tincidunt turpis, eu varius augue ipsum et urna. Thanx!&#8221;<\/span><\/em>[\/vc_column_text]<div class=\"ult-item-wrap\" data-animation=\"animated no-animation\"><div id=\"ultimate-heading-916769e72ff09ae4b\" class=\"uvc-heading ult-adjust-bottom-margin ultimate-heading-916769e72ff09ae4b uvc-1852 \" data-hspacer=\"no_spacer\"  data-halign=\"left\" style=\"text-align:left\"><div class=\"uvc-heading-spacer no_spacer\" style=\"top\"><\/div><div class=\"uvc-main-heading ult-responsive\"  data-ultimate-target='.uvc-heading.ultimate-heading-916769e72ff09ae4b h2'  data-responsive-json-new='{\"font-size\":\"desktop:15px;\",\"line-height\":\"desktop:25px;\"}' ><h2 style=\"font-family:&#039;PT Serif&#039;;font-weight:700;color:#ffffff;\">Diana<\/h2><\/div><\/div><\/div>\t\t<\/div><\/div><\/div><div class=\"ult-item-wrap\" data-animation=\"animated no-animation\"><div class=\"ult-content-box-container \" >\t\t<div class=\"ult-content-box\" style=\"box-shadow: px px px px #f7f7f7 none;padding-top:0px;padding-right:20px;padding-bottom:10px;padding-left:20px;-webkit-transition: all 700ms ease;-moz-transition: all 700ms ease;-ms-transition: all 700ms ease;-o-transition: all 700ms ease;transition: all 700ms ease;\"  data-hover_box_shadow=\"none\"    >[vc_column_text css=&#8221;.vc_custom_1471370508918{padding-bottom: 15px !important;}&#8221;]<em><span style=\"color: #999999;\">&#8220;Ut semper magna nec nulla tempor, at tempus nunc mollis. In pulvinar ullamcorper nisi. Donec non maximus neque aliquam eget enim eu purus cursus vestibulum eu non arcu lorem. \u00a0Thanx!&#8221;<\/span><\/em>[\/vc_column_text]<div class=\"ult-item-wrap\" data-animation=\"animated no-animation\"><div id=\"ultimate-heading-907769e72ff09afb5\" class=\"uvc-heading ult-adjust-bottom-margin ultimate-heading-907769e72ff09afb5 uvc-7226 \" data-hspacer=\"no_spacer\"  data-halign=\"left\" style=\"text-align:left\"><div class=\"uvc-heading-spacer no_spacer\" style=\"top\"><\/div><div class=\"uvc-main-heading ult-responsive\"  data-ultimate-target='.uvc-heading.ultimate-heading-907769e72ff09afb5 h2'  data-responsive-json-new='{\"font-size\":\"desktop:15px;\",\"line-height\":\"desktop:25px;\"}' ><h2 style=\"font-family:&#039;PT Serif&#039;;font-weight:700;color:#ffffff;\">Ricardo<\/h2><\/div><\/div><\/div>\t\t<\/div><\/div><\/div><div class=\"ult-item-wrap\" data-animation=\"animated no-animation\"><div class=\"ult-content-box-container \" >\t\t<div class=\"ult-content-box\" style=\"box-shadow: px px px px #f7f7f7 none;padding-top:0px;padding-right:20px;padding-bottom:10px;padding-left:20px;-webkit-transition: all 700ms ease;-moz-transition: all 700ms ease;-ms-transition: all 700ms ease;-o-transition: all 700ms ease;transition: all 700ms ease;\"  data-hover_box_shadow=\"none\"    >[vc_column_text css=&#8221;.vc_custom_1471371106217{padding-bottom: 15px !important;}&#8221;]<em><span style=\"color: #999999;\">&#8220;WOW! Thanx!\u00a0Sed est tellus, vulputate sit amet justo non, varius malesuada dolor. Nullam ullamcorper, metus non rhoncus placerat, urna purus auctor nibh, non finibus sapien turpis ut mauris. Maecenas nec tellus ultricies, sollicitudin nulla vitae, suscipit dui.&#8221;<\/span><\/em>[\/vc_column_text]<div class=\"ult-item-wrap\" data-animation=\"animated no-animation\"><div id=\"ultimate-heading-534769e72ff09b0f3\" class=\"uvc-heading ult-adjust-bottom-margin ultimate-heading-534769e72ff09b0f3 uvc-2645 \" data-hspacer=\"no_spacer\"  data-halign=\"left\" style=\"text-align:left\"><div class=\"uvc-heading-spacer no_spacer\" style=\"top\"><\/div><div class=\"uvc-main-heading ult-responsive\"  data-ultimate-target='.uvc-heading.ultimate-heading-534769e72ff09b0f3 h2'  data-responsive-json-new='{\"font-size\":\"desktop:15px;\",\"line-height\":\"desktop:25px;\"}' ><h2 style=\"font-family:&#039;PT Serif&#039;;font-weight:700;color:#ffffff;\">Teresa<\/h2><\/div><\/div><\/div>\t\t<\/div><\/div><\/div><\/div><\/div>\t\t\t<script type=\"text\/javascript\">\r\n\t\t\t\tjQuery(document).ready(function ($) {\r\n\t\t\t\t\t$('.ult-carousel-202843478469e72ff09a849').slick({dots: true,autoplaySpeed: 5000,speed: 600,infinite: true,arrows: true,nextArrow: '<button type=\"button\" role=\"button\" aria-label=\"Next\" style=\"color:#ffffff; font-size:30px;\" class=\"slick-next default\"><i class=\"ultsl-arrow-right4\"><\/i><\/button>',prevArrow: '<button type=\"button\" role=\"button\" aria-label=\"Previous\" style=\"color:#ffffff; font-size:30px;\" class=\"slick-prev default\"><i class=\"ultsl-arrow-left4\"><\/i><\/button>',slidesToScroll:1,slidesToShow:1,swipe: true,draggable: true,touchMove: true,pauseOnHover: true,responsive: [\r\n\t\t\t\t\t\t\t{\r\n\t\t\t\t\t\t\t  breakpoint: 1025,\r\n\t\t\t\t\t\t\t  settings: {\r\n\t\t\t\t\t\t\t\tslidesToShow: 1,\r\n\t\t\t\t\t\t\t\tslidesToScroll: 1,  \r\n\t\t\t\t\t\t\t  }\r\n\t\t\t\t\t\t\t},\r\n\t\t\t\t\t\t\t{\r\n\t\t\t\t\t\t\t  breakpoint: 769,\r\n\t\t\t\t\t\t\t  settings: {\r\n\t\t\t\t\t\t\t\tslidesToShow: 1,\r\n\t\t\t\t\t\t\t\tslidesToScroll: 1\r\n\t\t\t\t\t\t\t  }\r\n\t\t\t\t\t\t\t},\r\n\t\t\t\t\t\t\t{\r\n\t\t\t\t\t\t\t  breakpoint: 481,\r\n\t\t\t\t\t\t\t  settings: {\r\n\t\t\t\t\t\t\t\tslidesToShow: 1,\r\n\t\t\t\t\t\t\t\tslidesToScroll: 1\r\n\t\t\t\t\t\t\t  }\r\n\t\t\t\t\t\t\t}\r\n\t\t\t\t\t\t],pauseOnDotsHover: true,customPaging: function(slider, i) {\r\n                   return '<i type=\"button\" style= \"color:#ffffff;\" class=\"ultsl-record\" data-role=\"none\"><\/i>';\r\n                },});\r\n\t\t\t\t});\r\n\t\t\t<\/script>\r\n\t\t\t[\/vc_column][vc_column width=&#8221;1\/2&#8243;][vc_row_inner][vc_column_inner css=&#8221;.vc_custom_1471372401820{padding-bottom: 50px !important;}&#8221; offset=&#8221;vc_col-lg-6 vc_col-md-12 vc_col-xs-12&#8243;]<div id=\"ultimate-heading-448669e72ff09b1c1\" class=\"uvc-heading ult-adjust-bottom-margin ultimate-heading-448669e72ff09b1c1 uvc-85 \" data-hspacer=\"no_spacer\"  data-halign=\"left\" style=\"text-align:left\"><div class=\"uvc-heading-spacer no_spacer\" style=\"top\"><\/div><div class=\"uvc-main-heading ult-responsive\"  data-ultimate-target='.uvc-heading.ultimate-heading-448669e72ff09b1c1 h3'  data-responsive-json-new='{\"font-size\":\"desktop:15px;\",\"line-height\":\"desktop:25px;\"}' ><h3 style=\"font-weight:bold;color:#999999;\">Contacto direto:<\/h3><\/div><\/div><div id=\"ultimate-heading-845069e72ff09b205\" class=\"uvc-heading ult-adjust-bottom-margin ultimate-heading-845069e72ff09b205 uvc-6898 dt-phone\" data-hspacer=\"no_spacer\"  data-halign=\"left\" style=\"text-align:left\"><div class=\"uvc-heading-spacer no_spacer\" style=\"top\"><\/div><div class=\"uvc-main-heading ult-responsive\"  data-ultimate-target='.uvc-heading.ultimate-heading-845069e72ff09b205 h2'  data-responsive-json-new='{\"font-size\":\"\",\"line-height\":\"\"}' ><h2 style=\"font-weight:bold;color:#ffffff;margin-top:8px;margin-bottom:8px;\">(+351) 964 379 071<\/h2><\/div><div class=\"uvc-sub-heading ult-responsive\"  data-ultimate-target='.uvc-heading.ultimate-heading-845069e72ff09b205 .uvc-sub-heading '  data-responsive-json-new='{\"font-size\":\"desktop:12px;\",\"line-height\":\"desktop:22px;\"}'  style=\"font-style:italic;font-weight:normal;color:#4867c2;\">Segunda a Sexta das 9:00 \u00e0s 18:00<\/div><\/div>[\/vc_column_inner][vc_column_inner css=&#8221;.vc_custom_1471372409915{padding-bottom: 50px !important;}&#8221; offset=&#8221;vc_col-lg-6 vc_col-md-12 vc_col-xs-12&#8243;]<div id=\"ultimate-heading-213369e72ff09b251\" class=\"uvc-heading ult-adjust-bottom-margin ultimate-heading-213369e72ff09b251 uvc-2253 \" data-hspacer=\"no_spacer\"  data-halign=\"left\" style=\"text-align:left\"><div class=\"uvc-heading-spacer no_spacer\" style=\"top\"><\/div><div class=\"uvc-main-heading ult-responsive\"  data-ultimate-target='.uvc-heading.ultimate-heading-213369e72ff09b251 h3'  data-responsive-json-new='{\"font-size\":\"desktop:15px;\",\"line-height\":\"desktop:25px;\"}' ><h3 style=\"font-weight:bold;color:#999999;\">E-mail:<\/h3><\/div><\/div><div id=\"ultimate-heading-885869e72ff09b2a6\" class=\"uvc-heading ult-adjust-bottom-margin ultimate-heading-885869e72ff09b2a6 uvc-4762 \" data-hspacer=\"no_spacer\"  data-halign=\"left\" style=\"text-align:left\"><div class=\"uvc-heading-spacer no_spacer\" style=\"top\"><\/div><div class=\"uvc-main-heading ult-responsive\"  data-ultimate-target='.uvc-heading.ultimate-heading-885869e72ff09b2a6 h2'  data-responsive-json-new='{\"font-size\":\"\",\"line-height\":\"\"}' ><h2 style=\"font-weight:bold;color:#ffffff;margin-top:8px;margin-bottom:8px;\">sce@active-field.pt<\/h2><\/div><div class=\"uvc-sub-heading ult-responsive\"  data-ultimate-target='.uvc-heading.ultimate-heading-885869e72ff09b2a6 .uvc-sub-heading '  data-responsive-json-new='{\"font-size\":\"desktop:12px;\",\"line-height\":\"desktop:22px;\"}'  style=\"font-style:italic;font-weight:normal;color:#4867c2;\">Sempre dispon\u00edvel<\/div><\/div>[\/vc_column_inner][vc_column_inner css=&#8221;.vc_custom_1518041517539{padding-bottom: 50px !important;}&#8221; offset=&#8221;vc_hidden-lg vc_hidden-md vc_hidden-sm vc_hidden-xs&#8221;]<div id=\"ultimate-heading-826669e72ff09b2f3\" class=\"uvc-heading ult-adjust-bottom-margin ultimate-heading-826669e72ff09b2f3 uvc-1938 \" data-hspacer=\"no_spacer\"  data-halign=\"left\" style=\"text-align:left\"><div class=\"uvc-heading-spacer no_spacer\" style=\"top\"><\/div><div class=\"uvc-main-heading ult-responsive\"  data-ultimate-target='.uvc-heading.ultimate-heading-826669e72ff09b2f3 h3'  data-responsive-json-new='{\"font-size\":\"desktop:15px;\",\"line-height\":\"desktop:25px;\"}' ><h3 style=\"font-weight:bold;color:#999999;\">Onde estamos:<\/h3><\/div><\/div><div id=\"ultimate-heading-253769e72ff09b33c\" class=\"uvc-heading ult-adjust-bottom-margin ultimate-heading-253769e72ff09b33c uvc-5534 \" data-hspacer=\"no_spacer\"  data-halign=\"left\" style=\"text-align:left\"><div class=\"uvc-heading-spacer no_spacer\" style=\"top\"><\/div><div class=\"uvc-main-heading ult-responsive\"  data-ultimate-target='.uvc-heading.ultimate-heading-253769e72ff09b33c h2'  data-responsive-json-new='{\"font-size\":\"\",\"line-height\":\"\"}' ><h2 style=\"font-weight:bold;color:#ffffff;margin-top:8px;margin-bottom:8px;\">Rua Heliodoro Salgado N.\u00ba16, 1\u00baFrt. | 2630-242 Arruda dos Vinhos<\/h2><\/div><div class=\"uvc-sub-heading ult-responsive\"  data-ultimate-target='.uvc-heading.ultimate-heading-253769e72ff09b33c .uvc-sub-heading '  data-responsive-json-new='{\"font-size\":\"desktop:12px;\",\"line-height\":\"desktop:22px;\"}'  style=\"font-style:italic;font-weight:normal;color:#4867c2;\">Portugal<\/div><\/div>[\/vc_column_inner][\/vc_row_inner][\/vc_column][\/vc_row]<\/p>\n","protected":false},"excerpt":{"rendered":"<p>[vc_row type=&#8221;vc_default&#8221; gap=&#8221;35&#8243; equal_height=&#8221;yes&#8221; content_placement=&#8221;middle&#8221; css=&#8221;.vc_custom_1506627223147{margin-top: -80px !important;padding-top: 70px !important;padding-right: 25px !important;padding-left: 25px !important;}&#8221;][vc_column width=&#8221;2\/3&#8243; offset=&#8221;vc_col-lg-offset-2 vc_col-md-offset-2 vc_col-sm-offset-2&#8243;][\/vc_column][\/vc_row][vc_row type=&#8221;vc_default&#8221; full_width=&#8221;stretch_row_content_no_spaces&#8221; content_placement=&#8221;middle&#8221; bg_type=&#8221;image&#8221; parallax_style=&#8221;vcpb-default&#8221; bg_image_new=&#8221;id^1382|url^http:\/\/active-field.mmdunlimited.com\/active-field\/wp-content\/uploads\/2018\/02\/Certificac\u0327a\u0303o_new.jpg|caption^null|alt^Certificac\u0327a\u0303o|title^Certificac\u0327a\u0303o|description^null&#8221; bg_image_repeat=&#8221;no-repeat&#8221; bg_override=&#8221;ex-full&#8221; css=&#8221;.vc_custom_1518464971177{padding-top: 0px !important;padding-bottom: 0px !important;}&#8221; el_id=&#8221;certifica-row&#8221;][vc_column][\/vc_column][\/vc_row][vc_row type=&#8221;vc_default&#8221; gap=&#8221;35&#8243; equal_height=&#8221;yes&#8221; content_placement=&#8221;middle&#8221; css=&#8221;.vc_custom_1506627223147{margin-top: -80px !important;padding-top: 70px !important;padding-right: 25px !important;padding-left: 25px !important;}&#8221;][vc_column width=&#8221;2\/3&#8243; offset=&#8221;vc_col-lg-offset-2 vc_col-md-offset-2 vc_col-sm-offset-2&#8243;][\/vc_column][\/vc_row][vc_row type=&#8221;vc_default&#8221; css=&#8221;.vc_custom_1511394894932{margin-bottom: 80px !important;}&#8221; el_id=&#8221;form&#8221;][vc_column width=&#8221;1\/6&#8243;][\/vc_column][vc_column&hellip;<\/p>\n","protected":false},"author":1,"featured_media":0,"parent":0,"menu_order":0,"comment_status":"closed","ping_status":"closed","template":"","meta":[],"class_list":["post-1182","page","type-page","status-publish","hentry","description-off"],"_links":{"self":[{"href":"https:\/\/active-field.mmdunlimited.com\/active-field\/wp-json\/wp\/v2\/pages\/1182","targetHints":{"allow":["GET"]}}],"collection":[{"href":"https:\/\/active-field.mmdunlimited.com\/active-field\/wp-json\/wp\/v2\/pages"}],"about":[{"href":"https:\/\/active-field.mmdunlimited.com\/active-field\/wp-json\/wp\/v2\/types\/page"}],"author":[{"embeddable":true,"href":"https:\/\/active-field.mmdunlimited.com\/active-field\/wp-json\/wp\/v2\/users\/1"}],"replies":[{"embeddable":true,"href":"https:\/\/active-field.mmdunlimited.com\/active-field\/wp-json\/wp\/v2\/comments?post=1182"}],"version-history":[{"count":49,"href":"https:\/\/active-field.mmdunlimited.com\/active-field\/wp-json\/wp\/v2\/pages\/1182\/revisions"}],"predecessor-version":[{"id":1434,"href":"https:\/\/active-field.mmdunlimited.com\/active-field\/wp-json\/wp\/v2\/pages\/1182\/revisions\/1434"}],"wp:attachment":[{"href":"https:\/\/active-field.mmdunlimited.com\/active-field\/wp-json\/wp\/v2\/media?parent=1182"}],"curies":[{"name":"wp","href":"https:\/\/api.w.org\/{rel}","templated":true}]}}