{"id":1293,"date":"2017-11-25T20:16:12","date_gmt":"2017-11-25T20:16:12","guid":{"rendered":"http:\/\/active-field.mmdunlimited.com\/active-field\/?page_id=1293"},"modified":"2018-02-15T19:05:51","modified_gmt":"2018-02-15T19:05:51","slug":"sobre-nos","status":"publish","type":"page","link":"https:\/\/active-field.mmdunlimited.com\/active-field\/sobre-nos\/","title":{"rendered":"Sobre N\u00f3s"},"content":{"rendered":"<p>[vc_row type=&#8221;vc_default&#8221; gap=&#8221;35&#8243; equal_height=&#8221;yes&#8221; content_placement=&#8221;middle&#8221; css=&#8221;.vc_custom_1506627223147{margin-top: -80px !important;padding-top: 70px !important;padding-right: 25px !important;padding-left: 25px !important;}&#8221;][vc_column width=&#8221;2\/3&#8243; offset=&#8221;vc_col-lg-offset-2 vc_col-md-offset-2 vc_col-sm-offset-2&#8243;]<div id=\"ultimate-heading-652969e7314953de7\" class=\"uvc-heading ult-adjust-bottom-margin ultimate-heading-652969e7314953de7 uvc-6691 \" data-hspacer=\"line_only\"  data-halign=\"center\" style=\"text-align:center\"><div class=\"uvc-main-heading ult-responsive\"  data-ultimate-target='.uvc-heading.ultimate-heading-652969e7314953de7 h2'  data-responsive-json-new='{\"font-size\":\"desktop:30px;\",\"line-height\":\"desktop:40px;\"}' ><h2 style=\"font-weight:600;margin-bottom:15px;\">SOBRE N\u00d3S<\/h2><\/div><div class=\"uvc-heading-spacer line_only\" style=\"margin-bottom:40px;height:3px;\"><span class=\"uvc-headings-line\" style=\"border-style:solid;border-bottom-width:3px;border-color:#4867c2;width:100px;\"><\/span><\/div><\/div>[\/vc_column][\/vc_row][vc_row type=&#8221;vc_default&#8221; css=&#8221;.vc_custom_1511641147960{margin-bottom: 80px !important;}&#8221;][vc_column][vc_column_text]A\u00a0<strong>Active Field, Lda.<\/strong>\u00a0\u00e9 uma empresa privada, constitu\u00edda no in\u00edcio de 2011 e detida inteiramente por\u00a0 s\u00f3cios\u00a0 quadros\u00a0 da\u00a0 empresa. A\u00a0 sua\u00a0 cria\u00e7\u00e3o\u00a0 resulta\u00a0 da\u00a0 fus\u00e3o de\u00a0 v\u00e1rias\u00a0 pessoas\u00a0 com\u00a0 larga\u00a0\u00a0 experi\u00eancia\u00a0 no\u00a0 ramo\u00a0 da\u00a0 avalia\u00e7\u00e3o\u00a0 imobili\u00e1ria\u00a0 com atividade credenciada, bem como na \u00e1rea de projeto de arquitetura e especialidades ligadas \u00e0 engenharia, o que\u00a0 permite uma consolidada\u00a0 e ampla capacidade de resposta no dom\u00ednio do mercado imobili\u00e1rio em Portugal.<\/p>\n<p>A sua atividade desenvolve-se na \u00e1rea da Avalia\u00e7\u00e3o e Consultoria Imobili\u00e1ria, Certifica\u00e7\u00e3o Energ\u00e9tica, bem\u00a0 como na\u00a0 elabora\u00e7\u00e3o de Projetos de Arquitetura e especialidades t\u00e9cnicas de Engenharia.<\/p>\n<p>Com uma\u00a0 experiente\u00a0 equipa multidisciplinar, atualizada e consciente da\u00a0 necessidade de\u00a0 solu\u00e7\u00f5es\u00a0 adaptadas\u00a0 ao Cliente, com vista\u00a0 a\u00a0 disponibilizar sempre\u00a0 um servi\u00e7o\u00a0 de\u00a0 excel\u00eancia,\u00a0 onde\u00a0 nunca\u00a0 descuramos\u00a0 valores\u00a0 como\u00a0 honestidade,\u00a0 seriedade\u00a0 e confidencialidade.<\/p>\n<p>Encaramos as tarefas que nos s\u00e3o confiadas, com entusiasmo, criatividade e sentido de responsabilidade.[\/vc_column_text][\/vc_column][\/vc_row][vc_row type=&#8221;vc_default&#8221; bg_type=&#8221;bg_color&#8221; bg_override=&#8221;ex-full&#8221; bg_color_value=&#8221;#232323&#8243; css=&#8221;.vc_custom_1506539596919{margin-bottom: -80px !important;padding-top: 65px !important;padding-bottom: 0px !important;}&#8221;][vc_column width=&#8221;1\/2&#8243; offset=&#8221;vc_col-lg-6 vc_col-md-6&#8243; el_class=&#8221;testemunhos&#8221;]<div id=\"ultimate-heading-678569e7314953e37\" class=\"uvc-heading ult-adjust-bottom-margin ultimate-heading-678569e7314953e37 uvc-9245 \" data-hspacer=\"no_spacer\"  data-halign=\"left\" style=\"text-align:left\"><div class=\"uvc-heading-spacer no_spacer\" style=\"top\"><\/div><div class=\"uvc-main-heading ult-responsive\"  data-ultimate-target='.uvc-heading.ultimate-heading-678569e7314953e37 h3'  data-responsive-json-new='{\"font-size\":\"\",\"line-height\":\"\"}' ><h3 style=\"font-weight:bold;color:#ffffff;margin-bottom:20px;\">Testemunhos<\/h3><\/div><\/div><div id=\"ult-carousel-212976513869e73149540d6\" class=\"ult-carousel-wrapper   ult_horizontal\" data-gutter=\"15\" data-rtl=\"false\" ><div class=\"ult-carousel-5885298869e7314953e78 \" ><div class=\"ult-item-wrap\" data-animation=\"animated no-animation\"><div class=\"ult-content-box-container \" >\t\t<div class=\"ult-content-box\" style=\"box-shadow: px px px px #f7f7f7 none;padding-top:0px;padding-right:20px;padding-bottom:10px;padding-left:20px;-webkit-transition: all 700ms ease;-moz-transition: all 700ms ease;-ms-transition: all 700ms ease;-o-transition: all 700ms ease;transition: all 700ms ease;\"  data-hover_box_shadow=\"none\"    >[vc_column_text css=&#8221;.vc_custom_1471371022123{padding-bottom: 15px !important;}&#8221;]<em><span style=\"color: #999999;\">&#8220;Proin rutrum rhoncus arcu, quis facilisis libero rutrum in. Vivamus diam tellus, efficitur id felis quis, consequat venenatis erat. Etiam tincidunt, tellus eu molestie mollis, diam lorem tincidunt turpis, eu varius augue ipsum et urna. Thanx!&#8221;<\/span><\/em>[\/vc_column_text]<div class=\"ult-item-wrap\" data-animation=\"animated no-animation\"><div id=\"ultimate-heading-742369e73149542d1\" class=\"uvc-heading ult-adjust-bottom-margin ultimate-heading-742369e73149542d1 uvc-3243 \" data-hspacer=\"no_spacer\"  data-halign=\"left\" style=\"text-align:left\"><div class=\"uvc-heading-spacer no_spacer\" style=\"top\"><\/div><div class=\"uvc-main-heading ult-responsive\"  data-ultimate-target='.uvc-heading.ultimate-heading-742369e73149542d1 h2'  data-responsive-json-new='{\"font-size\":\"desktop:15px;\",\"line-height\":\"desktop:25px;\"}' ><h2 style=\"font-family:&#039;PT Serif&#039;;font-weight:700;color:#ffffff;\">Diana<\/h2><\/div><\/div><\/div>\t\t<\/div><\/div><\/div><div class=\"ult-item-wrap\" data-animation=\"animated no-animation\"><div class=\"ult-content-box-container \" >\t\t<div class=\"ult-content-box\" style=\"box-shadow: px px px px #f7f7f7 none;padding-top:0px;padding-right:20px;padding-bottom:10px;padding-left:20px;-webkit-transition: all 700ms ease;-moz-transition: all 700ms ease;-ms-transition: all 700ms ease;-o-transition: all 700ms ease;transition: all 700ms ease;\"  data-hover_box_shadow=\"none\"    >[vc_column_text css=&#8221;.vc_custom_1471370508918{padding-bottom: 15px !important;}&#8221;]<em><span style=\"color: #999999;\">&#8220;Ut semper magna nec nulla tempor, at tempus nunc mollis. In pulvinar ullamcorper nisi. Donec non maximus neque aliquam eget enim eu purus cursus vestibulum eu non arcu lorem. \u00a0Thanx!&#8221;<\/span><\/em>[\/vc_column_text]<div class=\"ult-item-wrap\" data-animation=\"animated no-animation\"><div id=\"ultimate-heading-114069e73149543dd\" class=\"uvc-heading ult-adjust-bottom-margin ultimate-heading-114069e73149543dd uvc-8996 \" data-hspacer=\"no_spacer\"  data-halign=\"left\" style=\"text-align:left\"><div class=\"uvc-heading-spacer no_spacer\" style=\"top\"><\/div><div class=\"uvc-main-heading ult-responsive\"  data-ultimate-target='.uvc-heading.ultimate-heading-114069e73149543dd h2'  data-responsive-json-new='{\"font-size\":\"desktop:15px;\",\"line-height\":\"desktop:25px;\"}' ><h2 style=\"font-family:&#039;PT Serif&#039;;font-weight:700;color:#ffffff;\">Ricardo<\/h2><\/div><\/div><\/div>\t\t<\/div><\/div><\/div><div class=\"ult-item-wrap\" data-animation=\"animated no-animation\"><div class=\"ult-content-box-container \" >\t\t<div class=\"ult-content-box\" style=\"box-shadow: px px px px #f7f7f7 none;padding-top:0px;padding-right:20px;padding-bottom:10px;padding-left:20px;-webkit-transition: all 700ms ease;-moz-transition: all 700ms ease;-ms-transition: all 700ms ease;-o-transition: all 700ms ease;transition: all 700ms ease;\"  data-hover_box_shadow=\"none\"    >[vc_column_text css=&#8221;.vc_custom_1471371106217{padding-bottom: 15px !important;}&#8221;]<em><span style=\"color: #999999;\">&#8220;WOW! Thanx!\u00a0Sed est tellus, vulputate sit amet justo non, varius malesuada dolor. Nullam ullamcorper, metus non rhoncus placerat, urna purus auctor nibh, non finibus sapien turpis ut mauris. Maecenas nec tellus ultricies, sollicitudin nulla vitae, suscipit dui.&#8221;<\/span><\/em>[\/vc_column_text]<div class=\"ult-item-wrap\" data-animation=\"animated no-animation\"><div id=\"ultimate-heading-466369e73149544b0\" class=\"uvc-heading ult-adjust-bottom-margin ultimate-heading-466369e73149544b0 uvc-7782 \" data-hspacer=\"no_spacer\"  data-halign=\"left\" style=\"text-align:left\"><div class=\"uvc-heading-spacer no_spacer\" style=\"top\"><\/div><div class=\"uvc-main-heading ult-responsive\"  data-ultimate-target='.uvc-heading.ultimate-heading-466369e73149544b0 h2'  data-responsive-json-new='{\"font-size\":\"desktop:15px;\",\"line-height\":\"desktop:25px;\"}' ><h2 style=\"font-family:&#039;PT Serif&#039;;font-weight:700;color:#ffffff;\">Teresa<\/h2><\/div><\/div><\/div>\t\t<\/div><\/div><\/div><\/div><\/div>\t\t\t<script type=\"text\/javascript\">\r\n\t\t\t\tjQuery(document).ready(function ($) {\r\n\t\t\t\t\t$('.ult-carousel-5885298869e7314953e78').slick({dots: true,autoplaySpeed: 5000,speed: 600,infinite: true,arrows: true,nextArrow: '<button type=\"button\" role=\"button\" aria-label=\"Next\" style=\"color:#ffffff; font-size:30px;\" class=\"slick-next default\"><i class=\"ultsl-arrow-right4\"><\/i><\/button>',prevArrow: '<button type=\"button\" role=\"button\" aria-label=\"Previous\" style=\"color:#ffffff; font-size:30px;\" class=\"slick-prev default\"><i class=\"ultsl-arrow-left4\"><\/i><\/button>',slidesToScroll:1,slidesToShow:1,swipe: true,draggable: true,touchMove: true,pauseOnHover: true,responsive: [\r\n\t\t\t\t\t\t\t{\r\n\t\t\t\t\t\t\t  breakpoint: 1025,\r\n\t\t\t\t\t\t\t  settings: {\r\n\t\t\t\t\t\t\t\tslidesToShow: 1,\r\n\t\t\t\t\t\t\t\tslidesToScroll: 1,  \r\n\t\t\t\t\t\t\t  }\r\n\t\t\t\t\t\t\t},\r\n\t\t\t\t\t\t\t{\r\n\t\t\t\t\t\t\t  breakpoint: 769,\r\n\t\t\t\t\t\t\t  settings: {\r\n\t\t\t\t\t\t\t\tslidesToShow: 1,\r\n\t\t\t\t\t\t\t\tslidesToScroll: 1\r\n\t\t\t\t\t\t\t  }\r\n\t\t\t\t\t\t\t},\r\n\t\t\t\t\t\t\t{\r\n\t\t\t\t\t\t\t  breakpoint: 481,\r\n\t\t\t\t\t\t\t  settings: {\r\n\t\t\t\t\t\t\t\tslidesToShow: 1,\r\n\t\t\t\t\t\t\t\tslidesToScroll: 1\r\n\t\t\t\t\t\t\t  }\r\n\t\t\t\t\t\t\t}\r\n\t\t\t\t\t\t],pauseOnDotsHover: true,customPaging: function(slider, i) {\r\n                   return '<i type=\"button\" style= \"color:#ffffff;\" class=\"ultsl-record\" data-role=\"none\"><\/i>';\r\n                },});\r\n\t\t\t\t});\r\n\t\t\t<\/script>\r\n\t\t\t[\/vc_column][vc_column width=&#8221;1\/2&#8243;][vc_row_inner][vc_column_inner css=&#8221;.vc_custom_1471372401820{padding-bottom: 50px !important;}&#8221; offset=&#8221;vc_col-lg-6 vc_col-md-12 vc_col-xs-12&#8243;]<div id=\"ultimate-heading-819569e731495452f\" class=\"uvc-heading ult-adjust-bottom-margin ultimate-heading-819569e731495452f uvc-5415 \" data-hspacer=\"no_spacer\"  data-halign=\"left\" style=\"text-align:left\"><div class=\"uvc-heading-spacer no_spacer\" style=\"top\"><\/div><div class=\"uvc-main-heading ult-responsive\"  data-ultimate-target='.uvc-heading.ultimate-heading-819569e731495452f h3'  data-responsive-json-new='{\"font-size\":\"desktop:15px;\",\"line-height\":\"desktop:25px;\"}' ><h3 style=\"font-weight:bold;color:#999999;\">Contacto direto:<\/h3><\/div><\/div><div id=\"ultimate-heading-359369e7314954568\" class=\"uvc-heading ult-adjust-bottom-margin ultimate-heading-359369e7314954568 uvc-5589 dt-phone\" data-hspacer=\"no_spacer\"  data-halign=\"left\" style=\"text-align:left\"><div class=\"uvc-heading-spacer no_spacer\" style=\"top\"><\/div><div class=\"uvc-main-heading ult-responsive\"  data-ultimate-target='.uvc-heading.ultimate-heading-359369e7314954568 h2'  data-responsive-json-new='{\"font-size\":\"\",\"line-height\":\"\"}' ><h2 style=\"font-weight:bold;color:#ffffff;margin-top:8px;margin-bottom:8px;\">(+351) 964 379 071<\/h2><\/div><div class=\"uvc-sub-heading ult-responsive\"  data-ultimate-target='.uvc-heading.ultimate-heading-359369e7314954568 .uvc-sub-heading '  data-responsive-json-new='{\"font-size\":\"desktop:12px;\",\"line-height\":\"desktop:22px;\"}'  style=\"font-style:italic;font-weight:normal;color:#4867c2;\">Segunda a Sexta das 9:00 \u00e0s 18:00<\/div><\/div>[\/vc_column_inner][vc_column_inner css=&#8221;.vc_custom_1471372409915{padding-bottom: 50px !important;}&#8221; offset=&#8221;vc_col-lg-6 vc_col-md-12 vc_col-xs-12&#8243;]<div id=\"ultimate-heading-942469e7314954599\" class=\"uvc-heading ult-adjust-bottom-margin ultimate-heading-942469e7314954599 uvc-7734 \" data-hspacer=\"no_spacer\"  data-halign=\"left\" style=\"text-align:left\"><div class=\"uvc-heading-spacer no_spacer\" style=\"top\"><\/div><div class=\"uvc-main-heading ult-responsive\"  data-ultimate-target='.uvc-heading.ultimate-heading-942469e7314954599 h3'  data-responsive-json-new='{\"font-size\":\"desktop:15px;\",\"line-height\":\"desktop:25px;\"}' ><h3 style=\"font-weight:bold;color:#999999;\">E-mail:<\/h3><\/div><\/div><div id=\"ultimate-heading-862169e73149545c7\" class=\"uvc-heading ult-adjust-bottom-margin ultimate-heading-862169e73149545c7 uvc-3084 \" data-hspacer=\"no_spacer\"  data-halign=\"left\" style=\"text-align:left\"><div class=\"uvc-heading-spacer no_spacer\" style=\"top\"><\/div><div class=\"uvc-main-heading ult-responsive\"  data-ultimate-target='.uvc-heading.ultimate-heading-862169e73149545c7 h2'  data-responsive-json-new='{\"font-size\":\"\",\"line-height\":\"\"}' ><h2 style=\"font-weight:bold;color:#ffffff;margin-top:8px;margin-bottom:8px;\">sce@active-field.pt<\/h2><\/div><div class=\"uvc-sub-heading ult-responsive\"  data-ultimate-target='.uvc-heading.ultimate-heading-862169e73149545c7 .uvc-sub-heading '  data-responsive-json-new='{\"font-size\":\"desktop:12px;\",\"line-height\":\"desktop:22px;\"}'  style=\"font-style:italic;font-weight:normal;color:#4867c2;\">Sempre dispon\u00edvel<\/div><\/div>[\/vc_column_inner][vc_column_inner css=&#8221;.vc_custom_1518041193385{padding-bottom: 50px !important;}&#8221; offset=&#8221;vc_hidden-lg vc_hidden-md vc_hidden-sm vc_hidden-xs&#8221;]<div id=\"ultimate-heading-553769e73149545f4\" class=\"uvc-heading ult-adjust-bottom-margin ultimate-heading-553769e73149545f4 uvc-6917 \" data-hspacer=\"no_spacer\"  data-halign=\"left\" style=\"text-align:left\"><div class=\"uvc-heading-spacer no_spacer\" style=\"top\"><\/div><div class=\"uvc-main-heading ult-responsive\"  data-ultimate-target='.uvc-heading.ultimate-heading-553769e73149545f4 h3'  data-responsive-json-new='{\"font-size\":\"desktop:15px;\",\"line-height\":\"desktop:25px;\"}' ><h3 style=\"font-weight:bold;color:#999999;\">Onde estamos:<\/h3><\/div><\/div><div id=\"ultimate-heading-402469e7314954623\" class=\"uvc-heading ult-adjust-bottom-margin ultimate-heading-402469e7314954623 uvc-5219 \" data-hspacer=\"no_spacer\"  data-halign=\"left\" style=\"text-align:left\"><div class=\"uvc-heading-spacer no_spacer\" style=\"top\"><\/div><div class=\"uvc-main-heading ult-responsive\"  data-ultimate-target='.uvc-heading.ultimate-heading-402469e7314954623 h2'  data-responsive-json-new='{\"font-size\":\"\",\"line-height\":\"\"}' ><h2 style=\"font-weight:bold;color:#ffffff;margin-top:8px;margin-bottom:8px;\">Rua Heliodoro Salgado N.\u00ba16, 1\u00baFrt. | 2630-242 Arruda dos Vinhos<\/h2><\/div><div class=\"uvc-sub-heading ult-responsive\"  data-ultimate-target='.uvc-heading.ultimate-heading-402469e7314954623 .uvc-sub-heading '  data-responsive-json-new='{\"font-size\":\"desktop:12px;\",\"line-height\":\"desktop:22px;\"}'  style=\"font-style:italic;font-weight:normal;color:#4867c2;\">Portugal<\/div><\/div>[\/vc_column_inner][\/vc_row_inner][\/vc_column][\/vc_row]<\/p>\n","protected":false},"excerpt":{"rendered":"<p>[vc_row type=&#8221;vc_default&#8221; gap=&#8221;35&#8243; equal_height=&#8221;yes&#8221; content_placement=&#8221;middle&#8221; css=&#8221;.vc_custom_1506627223147{margin-top: -80px !important;padding-top: 70px !important;padding-right: 25px !important;padding-left: 25px !important;}&#8221;][vc_column width=&#8221;2\/3&#8243; offset=&#8221;vc_col-lg-offset-2 vc_col-md-offset-2 vc_col-sm-offset-2&#8243;][\/vc_column][\/vc_row][vc_row type=&#8221;vc_default&#8221; css=&#8221;.vc_custom_1511641147960{margin-bottom: 80px !important;}&#8221;][vc_column][vc_column_text]A\u00a0Active Field, Lda.\u00a0\u00e9 uma empresa privada, constitu\u00edda no in\u00edcio de 2011 e detida inteiramente por\u00a0 s\u00f3cios\u00a0 quadros\u00a0 da\u00a0 empresa. A\u00a0 sua\u00a0 cria\u00e7\u00e3o\u00a0 resulta\u00a0 da\u00a0 fus\u00e3o de\u00a0 v\u00e1rias\u00a0 pessoas\u00a0 com\u00a0 larga\u00a0\u00a0 experi\u00eancia\u00a0 no\u00a0 ramo\u00a0 da\u00a0&hellip;<\/p>\n","protected":false},"author":1,"featured_media":0,"parent":0,"menu_order":0,"comment_status":"closed","ping_status":"closed","template":"","meta":[],"class_list":["post-1293","page","type-page","status-publish","hentry","description-off"],"_links":{"self":[{"href":"https:\/\/active-field.mmdunlimited.com\/active-field\/wp-json\/wp\/v2\/pages\/1293","targetHints":{"allow":["GET"]}}],"collection":[{"href":"https:\/\/active-field.mmdunlimited.com\/active-field\/wp-json\/wp\/v2\/pages"}],"about":[{"href":"https:\/\/active-field.mmdunlimited.com\/active-field\/wp-json\/wp\/v2\/types\/page"}],"author":[{"embeddable":true,"href":"https:\/\/active-field.mmdunlimited.com\/active-field\/wp-json\/wp\/v2\/users\/1"}],"replies":[{"embeddable":true,"href":"https:\/\/active-field.mmdunlimited.com\/active-field\/wp-json\/wp\/v2\/comments?post=1293"}],"version-history":[{"count":6,"href":"https:\/\/active-field.mmdunlimited.com\/active-field\/wp-json\/wp\/v2\/pages\/1293\/revisions"}],"predecessor-version":[{"id":1431,"href":"https:\/\/active-field.mmdunlimited.com\/active-field\/wp-json\/wp\/v2\/pages\/1293\/revisions\/1431"}],"wp:attachment":[{"href":"https:\/\/active-field.mmdunlimited.com\/active-field\/wp-json\/wp\/v2\/media?parent=1293"}],"curies":[{"name":"wp","href":"https:\/\/api.w.org\/{rel}","templated":true}]}}